{"id":1383,"date":"2021-06-17T11:31:47","date_gmt":"2021-06-17T11:31:47","guid":{"rendered":"https:\/\/larson-demo.bslthemes.com\/?page_id=368"},"modified":"2025-09-04T15:30:53","modified_gmt":"2025-09-04T18:30:53","slug":"contact","status":"publish","type":"page","link":"https:\/\/pablopinheiro.com\/en\/contact\/","title":{"rendered":"Bio and contact"},"content":{"rendered":"<div data-elementor-type=\"wp-page\" data-elementor-id=\"1383\" class=\"elementor elementor-1383\">\n\t\t\t\t\t\t<section class=\"elementor-section elementor-top-section elementor-element elementor-element-a41e2b2 elementor-section-full_width elementor-section-height-default elementor-section-height-default\" data-id=\"a41e2b2\" data-element_type=\"section\" data-e-type=\"section\">\n\t\t\t\t\t\t<div class=\"elementor-container elementor-column-gap-no\">\n\t\t\t\t\t<div class=\"elementor-column elementor-col-100 elementor-top-column elementor-element elementor-element-97c067e\" data-id=\"97c067e\" data-element_type=\"column\" data-e-type=\"column\">\n\t\t\t<div class=\"elementor-widget-wrap elementor-element-populated\">\n\t\t\t\t\t\t<div class=\"elementor-element elementor-element-d6a52ae elementor-widget elementor-widget-larson-intro\" data-id=\"d6a52ae\" data-element_type=\"widget\" data-e-type=\"widget\" data-widget_type=\"larson-intro.default\">\n\t\t\t\t<div class=\"elementor-widget-container\">\n\t\t\t\t\t\n\t\t<article class=\"article\">\n\t        <header class=\"article__header\">\n\t          <div class=\"container\">\n\t            \t            <h1 class=\"article__heading heading heading--size-large\">\n\t            \t<span >\n\t\t\t\t\t\tBio and Contact\t\t\t\t\t<\/span>\n\t            <\/h1>\n\t            \t            \t          <\/div>\n\t        <\/header>\n\t        \t    <\/article>\n\n\t\t\t\t\t\t<\/div>\n\t\t\t\t<\/div>\n\t\t<div class=\"elementor-element elementor-element-070bf57 e-grid e-con-boxed e-con e-parent\" data-id=\"070bf57\" data-element_type=\"container\" data-e-type=\"container\">\n\t\t\t\t\t<div class=\"e-con-inner\">\n\t\t\t\t<div class=\"elementor-element elementor-element-3e5fd4f elementor-widget elementor-widget-text-editor\" data-id=\"3e5fd4f\" data-element_type=\"widget\" data-e-type=\"widget\" data-widget_type=\"text-editor.default\">\n\t\t\t\t<div class=\"elementor-widget-container\">\n\t\t\t\t\t\t\t\t\t<p>Pablo Pinheiro \u00e9 fot\u00f3grafo, antrop\u00f3logo, artista visual, doutorando em Antropologia Social pela UFRN. \u00c9 membro do NAVIS &#8211; N\u00facleo de Antropologia Visual da UFRN e s\u00f3cio fundador do C\u00edrculo da Imagem, al\u00e9m de dirigir a Editora e Produtora Deu na Telha. Com ampla experi\u00eancia acad\u00eamica e art\u00edstica, Pablo coordena e colabora em projetos culturais e publica\u00e7\u00f5es que promovem a fotografia e as artes visuais no Brasil e no exterior. Premiado em importantes concursos, como o Pr\u00eamio Funarte Marc Ferrez de Fotografia (2014), o Pr\u00eamio Portf\u00f3lio SOLAR (2018), o Rodrigo Melo do IPHAN (2020), o Pr\u00eamio Ana Galano &#8211; COMIS\/ANPOCS &#8211; (2021) e o Pr\u00eamio Pierre Verger &#8211; Ensaio Fotogr\u00e1fico da 33\u00aa RBA (2022), seu trabalho explora narrativas visuais ligadas \u00e0 mem\u00f3ria cultural e identidade. \u00c9 respons\u00e1vel por projetos como Nossos Entes e Construindo Novos Olhares e atua em exposi\u00e7\u00f5es, interven\u00e7\u00f5es urbanas e transmiss\u00f5es online que conectam o p\u00fablico a novos olhares sobre a fotografia.<\/p>\t\t\t\t\t\t\t\t<\/div>\n\t\t\t\t<\/div>\n\t\t\t\t<div class=\"elementor-element elementor-element-7e9cd68 elementor-widget elementor-widget-image\" data-id=\"7e9cd68\" data-element_type=\"widget\" data-e-type=\"widget\" data-widget_type=\"image.default\">\n\t\t\t\t<div class=\"elementor-widget-container\">\n\t\t\t\t\t\t\t\t\t\t\t\t\t\t\t<img fetchpriority=\"high\" decoding=\"async\" width=\"682\" height=\"1024\" src=\"https:\/\/www.pablopinheiro.com\/wp-content\/uploads\/2025\/09\/WhatsApp-Image-2025-08-24-at-00.26.49-682x1024.jpeg\" class=\"attachment-large size-large wp-image-2184\" alt=\"\" srcset=\"https:\/\/www.pablopinheiro.com\/wp-content\/uploads\/2025\/09\/WhatsApp-Image-2025-08-24-at-00.26.49-682x1024.jpeg 682w, https:\/\/www.pablopinheiro.com\/wp-content\/uploads\/2025\/09\/WhatsApp-Image-2025-08-24-at-00.26.49-200x300.jpeg 200w, https:\/\/www.pablopinheiro.com\/wp-content\/uploads\/2025\/09\/WhatsApp-Image-2025-08-24-at-00.26.49-768x1153.jpeg 768w, https:\/\/www.pablopinheiro.com\/wp-content\/uploads\/2025\/09\/WhatsApp-Image-2025-08-24-at-00.26.49-1023x1536.jpeg 1023w, https:\/\/www.pablopinheiro.com\/wp-content\/uploads\/2025\/09\/WhatsApp-Image-2025-08-24-at-00.26.49-8x12.jpeg 8w, https:\/\/www.pablopinheiro.com\/wp-content\/uploads\/2025\/09\/WhatsApp-Image-2025-08-24-at-00.26.49-900x1351.jpeg 900w, https:\/\/www.pablopinheiro.com\/wp-content\/uploads\/2025\/09\/WhatsApp-Image-2025-08-24-at-00.26.49.jpeg 1066w\" sizes=\"(max-width: 682px) 100vw, 682px\" \/>\t\t\t\t\t\t\t\t\t\t\t\t\t\t\t<\/div>\n\t\t\t\t<\/div>\n\t\t\t\t\t<\/div>\n\t\t\t\t<\/div>\n\t\t\t\t<div class=\"elementor-element elementor-element-9735a6f elementor-widget elementor-widget-larson-project-description\" data-id=\"9735a6f\" data-element_type=\"widget\" data-e-type=\"widget\" data-widget_type=\"larson-project-description.default\">\n\t\t\t\t<div class=\"elementor-widget-container\">\n\t\t\t\t\t\n\t\t<div class=\"container\">\n\t\t            <div class=\"article__project-text\" data-aos=\"fade\">\n            <div >\n\t\t\t\t<p><strong><i>Statement art\u00edstico<\/i><\/strong><\/p><p><span style=\"font-weight: 400\">Fotografar, para mim, \u00e9 um gesto de rela\u00e7\u00e3o.<\/span><span style=\"font-weight: 400\"><br \/><\/span> <span style=\"font-weight: 400\">Antes de tudo, escuto. Depois, encontro. S\u00f3 ent\u00e3o, imagem.<br \/><\/span><span style=\"font-weight: 400\">Minha pr\u00e1tica nasce do desejo de fazer da fotografia um campo de afeto, de troca e de escuta m\u00fatua. Uma fotografia relacional, onde o que importa n\u00e3o \u00e9 apenas o que se v\u00ea, mas o que se constr\u00f3i na rela\u00e7\u00e3o \u2014 entre mim, quem fotografo, e o territ\u00f3rio que nos atravessa.<br \/><\/span><span style=\"font-weight: 400\">Trabalho com imagens que emergem de v\u00ednculos. N\u00e3o me interessa apenas o registro, mas a cria\u00e7\u00e3o de presen\u00e7as. Imagens que se instalam no mundo como sementes carregadas de esperan\u00e7a. Sementes que compreendem o tempo e a import\u00e2ncia da raiz antes do fruto.<\/span><span style=\"font-weight: 400\"><br \/><\/span><span style=\"font-weight: 400\">Elas carregam a mem\u00f3ria de quem foi retratado, mas tamb\u00e9m os gestos que as tornaram poss\u00edveis.<br \/><\/span><span style=\"font-weight: 400\">Acredito na fotografia como pr\u00e1tica de constru\u00e7\u00e3o de mem\u00f3ria e de conhecimento.<\/span><span style=\"font-weight: 400\"><br \/><\/span><span style=\"font-weight: 400\">Mais do que um produto visual, vejo a imagem como espa\u00e7o simb\u00f3lico de partilha: entre pessoas, hist\u00f3rias e paisagens. Entre o fazer art\u00edstico e as intera\u00e7\u00f5es sociais que o moldam.<br \/><\/span><span style=\"font-weight: 400\">Nossos Entes \u00e9 um desses gestos em que a imagem circula para al\u00e9m da autoria \u2014 ela \u00e9 do territ\u00f3rio. Cada retrato \u00e9 adotado por um morador, tornando-se guardi\u00e3o da imagem e da mem\u00f3ria coletiva que ela convoca. Nesse gesto, o p\u00fablico se torna parte da obra, e a obra se dissolve no cotidiano.<br \/><\/span><span style=\"font-weight: 400\">Trabalho entre a arte e a antropologia, entre o vis\u00edvel e o invis\u00edvel, entre o documento e a fic\u00e7\u00e3o sens\u00edvel.<\/span><span style=\"font-weight: 400\"><br \/><\/span><span style=\"font-weight: 400\">Meu olhar \u00e9 pol\u00edtico e po\u00e9tico. E minha fotografia, um convite para cultivar presen\u00e7a, responsabilidade e imagina\u00e7\u00e3o partilhada.<\/span><\/p>\t\t\t<\/div>\n          <\/div>\n                  <\/div>\n\n\t\t\t\t\t\t<\/div>\n\t\t\t\t<\/div>\n\t\t\t\t\t<\/div>\n\t\t<\/div>\n\t\t\t\t\t<\/div>\n\t\t<\/section>\n\t\t<div class=\"elementor-element elementor-element-ca6ac2a e-flex e-con-boxed e-con e-parent\" data-id=\"ca6ac2a\" data-element_type=\"container\" data-e-type=\"container\">\n\t\t\t\t\t<div class=\"e-con-inner\">\n\t\t\t\t<div class=\"elementor-element elementor-element-dcdca34 elementor-widget elementor-widget-text-editor\" data-id=\"dcdca34\" data-element_type=\"widget\" data-e-type=\"widget\" data-widget_type=\"text-editor.default\">\n\t\t\t\t<div class=\"elementor-widget-container\">\n\t\t\t\t\t\t\t\t\t<p><span style=\"font-weight: 400;\">Instagram: <a href=\"https:\/\/www.instagram.com\/pablo.b.pinheiro\" target=\"_blank\" rel=\"noopener\">@pablo.b.pinheiro<\/a><\/span><span style=\"font-weight: 400;\"><br \/>Email: <\/span><span style=\"font-weight: 400;\"><a href=\"mailto:pablopinheiro.foto@gmail.com\">pablopinheiro.foto@gmail.com<\/a><\/span><br \/><span style=\"font-weight: 400;\">Phone: +55 84 99999-9111<\/span><\/p>\t\t\t\t\t\t\t\t<\/div>\n\t\t\t\t<\/div>\n\t\t\t\t\t<\/div>\n\t\t\t\t<\/div>\n\t\t<div class=\"elementor-element elementor-element-9cbb8a3 e-flex e-con-boxed e-con e-parent\" data-id=\"9cbb8a3\" data-element_type=\"container\" data-e-type=\"container\" data-settings=\"{&quot;background_background&quot;:&quot;classic&quot;}\">\n\t\t\t\t\t<div class=\"e-con-inner\">\n\t\t\t\t<div class=\"elementor-element elementor-element-33b1a9d elementor-widget elementor-widget-larson-cf7-form\" data-id=\"33b1a9d\" data-element_type=\"widget\" data-e-type=\"widget\" data-widget_type=\"larson-cf7-form.default\">\n\t\t\t\t<div class=\"elementor-widget-container\">\n\t\t\t\t\t\n\t\t<div class=\"article__main container\">\n          <section class=\"article__feedback feedback\">\n          \t            <div class=\"feedback__heading heading\" data-aos=\"fade\">\n            \t<span >\n\t\t\t\t\tTalk to me\t\t\t\t<\/span>\n            <\/div>\n            \n                        \t\n<div class=\"wpcf7 no-js\" id=\"wpcf7-f1737-o1\" lang=\"pt-BR\" dir=\"ltr\" data-wpcf7-id=\"1737\">\n<div class=\"screen-reader-response\"><p role=\"status\" aria-live=\"polite\" aria-atomic=\"true\"><\/p> <ul><\/ul><\/div>\n<form action=\"\/en\/wp-json\/wp\/v2\/pages\/1383#wpcf7-f1737-o1\" method=\"post\" class=\"wpcf7-form init\" aria-label=\"Formul\u00e1rios de contato\" novalidate=\"novalidate\" data-status=\"init\" data-trp-original-action=\"\/en\/wp-json\/wp\/v2\/pages\/1383#wpcf7-f1737-o1\">\n<fieldset class=\"hidden-fields-container\"><input type=\"hidden\" name=\"_wpcf7\" value=\"1737\" \/><input type=\"hidden\" name=\"_wpcf7_version\" value=\"6.1.5\" \/><input type=\"hidden\" name=\"_wpcf7_locale\" value=\"pt_BR\" \/><input type=\"hidden\" name=\"_wpcf7_unit_tag\" value=\"wpcf7-f1737-o1\" \/><input type=\"hidden\" name=\"_wpcf7_container_post\" value=\"0\" \/><input type=\"hidden\" name=\"_wpcf7_posted_data_hash\" value=\"\" \/>\n<\/fieldset>\n<div class=\"contact-parallax__form\">\n  <label class=\"field\">\n    <span class=\"wpcf7-form-control-wrap\" data-name=\"cf_name\"><input size=\"40\" maxlength=\"400\" class=\"wpcf7-form-control wpcf7-text wpcf7-validates-as-required\" aria-required=\"true\" aria-invalid=\"false\" placeholder=\"Name\" value=\"\" type=\"text\" name=\"cf_name\" \/><\/span>\n    <span class=\"line\"><\/span>\n  <\/label>\n  <label class=\"field\">\n    <span class=\"wpcf7-form-control-wrap\" data-name=\"cf_email\"><input size=\"40\" maxlength=\"400\" class=\"wpcf7-form-control wpcf7-email wpcf7-validates-as-required wpcf7-text wpcf7-validates-as-email\" aria-required=\"true\" aria-invalid=\"false\" placeholder=\"Email\" value=\"\" type=\"email\" name=\"cf_email\" \/><\/span>\n    <span class=\"line\"><\/span>\n  <\/label>\n  <label class=\"field label-textarea\">\n    <span class=\"wpcf7-form-control-wrap\" data-name=\"cf_message\"><textarea cols=\"40\" rows=\"10\" maxlength=\"2000\" class=\"wpcf7-form-control wpcf7-textarea wpcf7-validates-as-required\" aria-required=\"true\" aria-invalid=\"false\" placeholder=\"Message\" name=\"cf_message\"><\/textarea><\/span>\n    <span class=\"line\"><\/span>\n  <\/label>\n  <button class=\"btn contact-parallax__submit\" style=\"background-color: #FFF\" type=\"submit\">Send message<\/button>\n<\/div><div class=\"wpcf7-response-output\" aria-hidden=\"true\"><\/div>\n<input type=\"hidden\" name=\"trp-form-language\" value=\"en\"\/><\/form>\n<\/div>\n                      <\/section>\n        <\/div>\n\n\t\t\t\t\t\t<\/div>\n\t\t\t\t<\/div>\n\t\t\t\t\t<\/div>\n\t\t\t\t<\/div>\n\t\t\t\t<\/div>","protected":false},"excerpt":{"rendered":"<p>Bio e Contato Pablo Pinheiro \u00e9 fot\u00f3grafo, antrop\u00f3logo, artista visual, doutorando em Antropologia Social pela UFRN. \u00c9 membro do NAVIS &#8211; N\u00facleo de Antropologia Visual da UFRN e s\u00f3cio fundador do C\u00edrculo da Imagem, al\u00e9m de dirigir a Editora e Produtora Deu na Telha. Com ampla experi\u00eancia acad\u00eamica e art\u00edstica,&#8230; <\/p>\n<div class=\"readmore\"><a href=\"https:\/\/pablopinheiro.com\/en\/contact\/\" class=\"btn-link\">Read more<\/a><\/div>","protected":false},"author":1,"featured_media":0,"parent":0,"menu_order":0,"comment_status":"closed","ping_status":"closed","template":"template-elementor-default.php","meta":{"_acf_changed":false,"footnotes":""},"class_list":["post-1383","page","type-page","status-publish","hentry"],"acf":[],"_links":{"self":[{"href":"https:\/\/pablopinheiro.com\/en\/wp-json\/wp\/v2\/pages\/1383","targetHints":{"allow":["GET"]}}],"collection":[{"href":"https:\/\/pablopinheiro.com\/en\/wp-json\/wp\/v2\/pages"}],"about":[{"href":"https:\/\/pablopinheiro.com\/en\/wp-json\/wp\/v2\/types\/page"}],"author":[{"embeddable":true,"href":"https:\/\/pablopinheiro.com\/en\/wp-json\/wp\/v2\/users\/1"}],"replies":[{"embeddable":true,"href":"https:\/\/pablopinheiro.com\/en\/wp-json\/wp\/v2\/comments?post=1383"}],"version-history":[{"count":51,"href":"https:\/\/pablopinheiro.com\/en\/wp-json\/wp\/v2\/pages\/1383\/revisions"}],"predecessor-version":[{"id":2190,"href":"https:\/\/pablopinheiro.com\/en\/wp-json\/wp\/v2\/pages\/1383\/revisions\/2190"}],"wp:attachment":[{"href":"https:\/\/pablopinheiro.com\/en\/wp-json\/wp\/v2\/media?parent=1383"}],"curies":[{"name":"wp","href":"https:\/\/api.w.org\/{rel}","templated":true}]}}