{"id":155,"date":"2025-04-05T16:48:23","date_gmt":"2025-04-05T19:48:23","guid":{"rendered":"https:\/\/lawngreen-goldfish-336180.hostingersite.com\/?page_id=155"},"modified":"2025-05-13T23:22:01","modified_gmt":"2025-05-14T02:22:01","slug":"pessoal","status":"publish","type":"page","link":"https:\/\/pablopinheiro.com\/en\/pessoal\/","title":{"rendered":"Personal"},"content":{"rendered":"<div data-elementor-type=\"wp-page\" data-elementor-id=\"155\" class=\"elementor elementor-155\">\n\t\t\t\t<div class=\"elementor-element elementor-element-b92514d e-flex e-con-boxed e-con e-parent\" data-id=\"b92514d\" data-element_type=\"container\" data-e-type=\"container\">\n\t\t\t\t\t<div class=\"e-con-inner\">\n\t\t\t\t<div class=\"elementor-element elementor-element-704086c elementor-widget elementor-widget-larson-intro\" data-id=\"704086c\" data-element_type=\"widget\" data-e-type=\"widget\" data-widget_type=\"larson-intro.default\">\n\t\t\t\t<div class=\"elementor-widget-container\">\n\t\t\t\t\t\n\t\t<article class=\"article\">\n\t        <header class=\"article__header\">\n\t          <div class=\"container\">\n\t            \t            <h1 class=\"article__heading heading heading--size-large\">\n\t            \t<span >\n\t\t\t\t\t\tPersonal\t\t\t\t\t<\/span>\n\t            <\/h1>\n\t            \t            \t            <div class=\"article__header-text\">\n\t            \t<span >\n\t\t\t\t\t\tPessoal\nAqui est\u00e3o projetos que nasceram do olhar atento e da escuta profunda.\nImagens que falam de mem\u00f3ria, identidade e cultura, guiadas por experi\u00eancias vividas e inquieta\u00e7\u00f5es pessoais.\nS\u00e3o caminhos que revelam hist\u00f3rias \u2014 minhas e de tantos outros \u2014 contadas com a delicadeza do tempo e da luz.\nListar os itens como link\n\n\nComissionado\nNesta se\u00e7\u00e3o, re\u00fano trabalhos feitos em di\u00e1logo com institui\u00e7\u00f5es, territ\u00f3rios e comunidades.\nProjetos criados sob encomenda, mas que mant\u00eam o gesto sens\u00edvel do encontro e do olhar.\nS\u00e3o imagens que cumprem fun\u00e7\u00f5es, sem perder o afeto nem a escuta.\nListar os itens como link\t\t\t\t\t<\/span>\n\t            <\/div>\n\t            \t          <\/div>\n\t        <\/header>\n\t        \t    <\/article>\n\n\t\t\t\t\t\t<\/div>\n\t\t\t\t<\/div>\n\t\t\t\t<div class=\"elementor-element elementor-element-a57a68d elementor-widget elementor-widget-larson-portfolio\" data-id=\"a57a68d\" data-element_type=\"widget\" data-e-type=\"widget\" data-widget_type=\"larson-portfolio.default\">\n\t\t\t\t<div class=\"elementor-widget-container\">\n\t\t\t\t\t\n\t\t\n\t\t<div class=\"article__main container\">\n\n                    <ul class=\"projects-masonry row __js_projects-grid\">\n          \t<li class=\"grid-sizer\"><\/li>\n          \t\n\n<li class=\"projects-masonry__item col-12 col-md-6 col-xl-4 __js_masonry-item __js_interior __js_pessoal\">\n  <a class=\"card card--small card--masonry\" href=\"https:\/\/pablopinheiro.com\/en\/portfolio\/item\/rio-grandes\/\">\n        <div class=\"card__image\">\n      <img decoding=\"async\" src=\"https:\/\/www.pablopinheiro.com\/wp-content\/uploads\/2025\/04\/RioGrandes_web-16-1500-900x844.jpg\" alt=\"Rio Grandes\" \/>\n    <\/div>\n        <div class=\"card__content\">\n            <h3 class=\"card__heading\">\n      \tRio Grandes      <\/h3>\n                  <div class=\"card__text\">\n      \tOrigins of the word \u201cSert\u00e3o\u201d in language and literature: a corruption of \u2018desert\u00e3o\u2019, from the Latin desertus, interior, heart of the lands.      <\/div>\n            <div class=\"card__bottom\">\n        <span class=\"card__link\">\n          See project          <svg width=\"20\" height=\"20\">\n            <use xlink:href=\"#chevron-right\"><\/use>\n          <\/svg>\n        <\/span>\n      <\/div>\n    <\/div>\n  <\/a>\n<\/li>\n\n<li class=\"projects-masonry__item col-12 col-md-6 col-xl-4 __js_masonry-item __js_pessoal\">\n  <a class=\"card card--small card--masonry\" href=\"https:\/\/pablopinheiro.com\/en\/portfolio\/item\/nossos-entes\/\">\n        <div class=\"card__image\">\n      <img decoding=\"async\" src=\"https:\/\/www.pablopinheiro.com\/wp-content\/uploads\/2025\/04\/190219-_DSC7504-900x900.webp\" alt=\"Nossos Entes\" \/>\n    <\/div>\n        <div class=\"card__content\">\n            <h3 class=\"card__heading\">\n      \tNossos Entes      <\/h3>\n                  <div class=\"card__text\">\n      \tNOSSOS ENTES is an initiative born from the desire to shift the image away from the center \u2014 the museum, the gallery, the author \u2014 and return it to the territory, to everyday life, to the street.      <\/div>\n            <div class=\"card__bottom\">\n        <span class=\"card__link\">\n          See project          <svg width=\"20\" height=\"20\">\n            <use xlink:href=\"#chevron-right\"><\/use>\n          <\/svg>\n        <\/span>\n      <\/div>\n    <\/div>\n  <\/a>\n<\/li>\n\n<li class=\"projects-masonry__item col-12 col-md-6 col-xl-4 __js_masonry-item __js_interior __js_pessoal\">\n  <a class=\"card card--small card--masonry\" href=\"https:\/\/pablopinheiro.com\/en\/portfolio\/item\/fragmentos-de-uma-tradicao\/\">\n        <div class=\"card__image\">\n      <img decoding=\"async\" src=\"https:\/\/www.pablopinheiro.com\/wp-content\/uploads\/2025\/04\/09-upscaled-900x900.jpg\" alt=\"Fragmentos de uma Tradi\u00e7\u00e3o\" \/>\n    <\/div>\n        <div class=\"card__content\">\n            <h3 class=\"card__heading\">\n      \tFragmentos de uma Tradi\u00e7\u00e3o      <\/h3>\n                  <div class=\"card__text\">\n      \tFragmentos de uma Tradi\u00e7\u00e3o (Fragments of a Tradition) was the first result of the research on the figure of the traditional northeastern cowboy.      <\/div>\n            <div class=\"card__bottom\">\n        <span class=\"card__link\">\n          See project          <svg width=\"20\" height=\"20\">\n            <use xlink:href=\"#chevron-right\"><\/use>\n          <\/svg>\n        <\/span>\n      <\/div>\n    <\/div>\n  <\/a>\n<\/li>\n\n<li class=\"projects-masonry__item col-12 col-md-6 col-xl-4 __js_masonry-item __js_building __js_pessoal\">\n  <a class=\"card card--small card--masonry\" href=\"https:\/\/pablopinheiro.com\/en\/portfolio\/item\/construindo-novos-olhares\/\">\n        <div class=\"card__image\">\n      <img decoding=\"async\" src=\"https:\/\/www.pablopinheiro.com\/wp-content\/uploads\/2025\/04\/CNO.2017_materia03_-1-2-900x900.jpg\" alt=\"Construindo Novos Olhares\" \/>\n    <\/div>\n        <div class=\"card__content\">\n            <h3 class=\"card__heading\">\n      \tBuilding New Perspectives      <\/h3>\n                  <div class=\"card__text translation-block\"><b>Building New Perspectives<\/b><span style=\"font-weight: 400\"> is a project idealized by Pablo Pinheiro since 2014, with the goal of awakening sensitivity, critical thinking, and creative vision in students and teachers of basic education through images.<\/span><\/div>\n            <div class=\"card__bottom\">\n        <span class=\"card__link\">\n          See project          <svg width=\"20\" height=\"20\">\n            <use xlink:href=\"#chevron-right\"><\/use>\n          <\/svg>\n        <\/span>\n      <\/div>\n    <\/div>\n  <\/a>\n<\/li>          <\/ul>\n\n          \n        <\/div>\n\n\t\t\t\t\t\t<\/div>\n\t\t\t\t<\/div>\n\t\t\t\t\t<\/div>\n\t\t\t\t<\/div>\n\t\t\t\t<\/div>","protected":false},"excerpt":{"rendered":"<p>Pessoal Pessoal Aqui est\u00e3o projetos que nasceram do olhar atento e da escuta profunda. Imagens que falam de mem\u00f3ria, identidade e cultura, guiadas por experi\u00eancias vividas e inquieta\u00e7\u00f5es pessoais. S\u00e3o caminhos que revelam hist\u00f3rias \u2014 minhas e de tantos outros \u2014 contadas com a delicadeza do tempo e da luz&#8230;. <\/p>\n<div class=\"readmore\"><a href=\"https:\/\/pablopinheiro.com\/en\/portfolio\/item\/construindo-novos-olhares\/\" class=\"btn-link\">Read more<\/a><\/div>","protected":false},"author":1,"featured_media":0,"parent":0,"menu_order":0,"comment_status":"closed","ping_status":"closed","template":"template-elementor-default.php","meta":{"_acf_changed":false,"footnotes":""},"class_list":["post-155","page","type-page","status-publish","hentry"],"acf":[],"_links":{"self":[{"href":"https:\/\/pablopinheiro.com\/en\/wp-json\/wp\/v2\/pages\/155","targetHints":{"allow":["GET"]}}],"collection":[{"href":"https:\/\/pablopinheiro.com\/en\/wp-json\/wp\/v2\/pages"}],"about":[{"href":"https:\/\/pablopinheiro.com\/en\/wp-json\/wp\/v2\/types\/page"}],"author":[{"embeddable":true,"href":"https:\/\/pablopinheiro.com\/en\/wp-json\/wp\/v2\/users\/1"}],"replies":[{"embeddable":true,"href":"https:\/\/pablopinheiro.com\/en\/wp-json\/wp\/v2\/comments?post=155"}],"version-history":[{"count":6,"href":"https:\/\/pablopinheiro.com\/en\/wp-json\/wp\/v2\/pages\/155\/revisions"}],"predecessor-version":[{"id":2082,"href":"https:\/\/pablopinheiro.com\/en\/wp-json\/wp\/v2\/pages\/155\/revisions\/2082"}],"wp:attachment":[{"href":"https:\/\/pablopinheiro.com\/en\/wp-json\/wp\/v2\/media?parent=155"}],"curies":[{"name":"wp","href":"https:\/\/api.w.org\/{rel}","templated":true}]}}