{"id":55,"date":"2025-04-05T13:21:17","date_gmt":"2025-04-05T16:21:17","guid":{"rendered":"https:\/\/lawngreen-goldfish-336180.hostingersite.com\/?page_id=55"},"modified":"2025-04-10T00:36:07","modified_gmt":"2025-04-10T03:36:07","slug":"expo-a-transicao","status":"publish","type":"page","link":"https:\/\/pablopinheiro.com\/en\/comissionado\/expo-a-transicao\/","title":{"rendered":"Expo \u2014 A Transi\u00e7\u00e3o\u00a0&#8211; do tradicional ao contempor\u00e2neo"},"content":{"rendered":"<figure class=\"wp-block-embed is-type-video is-provider-vimeo wp-block-embed-vimeo wp-embed-aspect-16-9 wp-has-aspect-ratio\"><div class=\"wp-block-embed__wrapper\">\n<iframe title=\"A Transi\u00e7\u00e3o - do tradicional ao contempor\u00e2neo\" src=\"https:\/\/player.vimeo.com\/video\/76180730?dnt=1&amp;app_id=122963\" width=\"900\" height=\"506\" frameborder=\"0\" allow=\"autoplay; fullscreen; picture-in-picture; clipboard-write; encrypted-media\"><\/iframe>\n<\/div><\/figure>","protected":false},"excerpt":{"rendered":"","protected":false},"author":1,"featured_media":0,"parent":160,"menu_order":0,"comment_status":"closed","ping_status":"closed","template":"","meta":{"_acf_changed":false,"footnotes":""},"class_list":["post-55","page","type-page","status-publish","hentry"],"acf":[],"_links":{"self":[{"href":"https:\/\/pablopinheiro.com\/en\/wp-json\/wp\/v2\/pages\/55","targetHints":{"allow":["GET"]}}],"collection":[{"href":"https:\/\/pablopinheiro.com\/en\/wp-json\/wp\/v2\/pages"}],"about":[{"href":"https:\/\/pablopinheiro.com\/en\/wp-json\/wp\/v2\/types\/page"}],"author":[{"embeddable":true,"href":"https:\/\/pablopinheiro.com\/en\/wp-json\/wp\/v2\/users\/1"}],"replies":[{"embeddable":true,"href":"https:\/\/pablopinheiro.com\/en\/wp-json\/wp\/v2\/comments?post=55"}],"version-history":[{"count":2,"href":"https:\/\/pablopinheiro.com\/en\/wp-json\/wp\/v2\/pages\/55\/revisions"}],"predecessor-version":[{"id":386,"href":"https:\/\/pablopinheiro.com\/en\/wp-json\/wp\/v2\/pages\/55\/revisions\/386"}],"up":[{"embeddable":true,"href":"https:\/\/pablopinheiro.com\/en\/wp-json\/wp\/v2\/pages\/160"}],"wp:attachment":[{"href":"https:\/\/pablopinheiro.com\/en\/wp-json\/wp\/v2\/media?parent=55"}],"curies":[{"name":"wp","href":"https:\/\/api.w.org\/{rel}","templated":true}]}}