{"id":160,"date":"2025-04-05T16:50:49","date_gmt":"2025-04-05T19:50:49","guid":{"rendered":"https:\/\/lawngreen-goldfish-336180.hostingersite.com\/?page_id=160"},"modified":"2025-05-13T23:20:20","modified_gmt":"2025-05-14T02:20:20","slug":"comissionado","status":"publish","type":"page","link":"https:\/\/pablopinheiro.com\/fr\/comissionado\/","title":{"rendered":"Command\u00e9"},"content":{"rendered":"<div data-elementor-type=\"wp-page\" data-elementor-id=\"160\" class=\"elementor elementor-160\">\n\t\t\t\t<div class=\"elementor-element elementor-element-64bd34e e-flex e-con-boxed e-con e-parent\" data-id=\"64bd34e\" data-element_type=\"container\" data-e-type=\"container\">\n\t\t\t\t\t<div class=\"e-con-inner\">\n\t\t\t\t<div class=\"elementor-element elementor-element-e74b7cd elementor-widget elementor-widget-larson-intro\" data-id=\"e74b7cd\" data-element_type=\"widget\" data-e-type=\"widget\" data-widget_type=\"larson-intro.default\">\n\t\t\t\t<div class=\"elementor-widget-container\">\n\t\t\t\t\t\n\t\t<article class=\"article\">\n\t        <header class=\"article__header\">\n\t          <div class=\"container\">\n\t            \t            <h1 class=\"article__heading heading heading--size-large\">\n\t            \t<span >\n\t\t\t\t\t\tCommand\u00e9\t\t\t\t\t<\/span>\n\t            <\/h1>\n\t            \t            \t            <div class=\"article__header-text\">\n\t            \t<span >\n\t\t\t\t\t\tNesta se\u00e7\u00e3o, re\u00fano trabalhos feitos em di\u00e1logo com institui\u00e7\u00f5es, territ\u00f3rios e comunidades.\nProjetos criados sob encomenda, mas que mant\u00eam o gesto sens\u00edvel do encontro e do olhar.\nS\u00e3o imagens que cumprem fun\u00e7\u00f5es, sem perder o afeto nem a escuta.\n\t\t\t\t\t<\/span>\n\t            <\/div>\n\t            \t          <\/div>\n\t        <\/header>\n\t        \t    <\/article>\n\n\t\t\t\t\t\t<\/div>\n\t\t\t\t<\/div>\n\t\t\t\t\t<\/div>\n\t\t\t\t<\/div>\n\t\t<div class=\"elementor-element elementor-element-71109bc e-flex e-con-boxed e-con e-parent\" data-id=\"71109bc\" data-element_type=\"container\" data-e-type=\"container\">\n\t\t\t\t\t<div class=\"e-con-inner\">\n\t\t\t\t<div class=\"elementor-element elementor-element-9b5fe4d elementor-widget elementor-widget-larson-portfolio\" data-id=\"9b5fe4d\" data-element_type=\"widget\" data-e-type=\"widget\" data-widget_type=\"larson-portfolio.default\">\n\t\t\t\t<div class=\"elementor-widget-container\">\n\t\t\t\t\t\n\t\t\n\t\t<div class=\"article__main container\">\n\n                    <ul class=\"projects-masonry row __js_projects-grid\">\n          \t<li class=\"grid-sizer\"><\/li>\n          \t\n\n<li class=\"projects-masonry__item col-12 col-md-6 col-xl-4 __js_masonry-item __js_comissionado __js_interior\">\n  <a class=\"card card--small card--masonry\" href=\"https:\/\/pablopinheiro.com\/fr\/portfolio\/item\/expo-a-transicao\/\">\n        <div class=\"card__image\">\n      <img decoding=\"async\" src=\"https:\/\/www.pablopinheiro.com\/wp-content\/uploads\/2025\/04\/SCR-20250429-kjfg-900x434.png\" alt=\"Expo &#8211; A Transi\u00e7\u00e3o\" \/>\n    <\/div>\n        <div class=\"card__content\">\n            <h3 class=\"card__heading\">\n      \tExpo &#8211; A Transi\u00e7\u00e3o      <\/h3>\n                  <div class=\"card__text\">\n      \tDu traditionnel au contemporain.\r\n      <\/div>\n            <div class=\"card__bottom\">\n        <span class=\"card__link\">\n          See project          <svg width=\"20\" height=\"20\">\n            <use xlink:href=\"#chevron-right\"><\/use>\n          <\/svg>\n        <\/span>\n      <\/div>\n    <\/div>\n  <\/a>\n<\/li>\n\n<li class=\"projects-masonry__item col-12 col-md-6 col-xl-4 __js_masonry-item __js_building __js_comissionado\">\n  <a class=\"card card--small card--masonry\" href=\"https:\/\/pablopinheiro.com\/fr\/portfolio\/item\/diario-de-bordo-tam\/\">\n        <div class=\"card__image\">\n      <img decoding=\"async\" src=\"https:\/\/www.pablopinheiro.com\/wp-content\/uploads\/2025\/04\/211216_MG_6931.jpg\" alt=\"Di\u00e1rio de bordo do TAM\" \/>\n    <\/div>\n        <div class=\"card__content\">\n            <h3 class=\"card__heading\">\n      \tCarnet de bord du TAM      <\/h3>\n                  <div class=\"card__text\">\n      \tEssai compos\u00e9 de photographies de la collection de restauration du Th\u00e9\u00e2tre Alberto Maranh\u00e3o (TAM) dans la ville de Natal, Rio Grande do Norte.      <\/div>\n            <div class=\"card__bottom\">\n        <span class=\"card__link\">\n          See project          <svg width=\"20\" height=\"20\">\n            <use xlink:href=\"#chevron-right\"><\/use>\n          <\/svg>\n        <\/span>\n      <\/div>\n    <\/div>\n  <\/a>\n<\/li>          <\/ul>\n\n          \n        <\/div>\n\n\t\t\t\t\t\t<\/div>\n\t\t\t\t<\/div>\n\t\t\t\t\t<\/div>\n\t\t\t\t<\/div>\n\t\t\t\t<\/div>","protected":false},"excerpt":{"rendered":"<p>Comissionado Nesta se\u00e7\u00e3o, re\u00fano trabalhos feitos em di\u00e1logo com institui\u00e7\u00f5es, territ\u00f3rios e comunidades. Projetos criados sob encomenda, mas que mant\u00eam o gesto sens\u00edvel do encontro e do olhar. S\u00e3o imagens que cumprem fun\u00e7\u00f5es, sem perder o afeto nem a escuta. Expo &#8211; A Transi\u00e7\u00e3o See project Di\u00e1rio de bordo do&#8230; <\/p>\n<div class=\"readmore\"><a href=\"https:\/\/pablopinheiro.com\/fr\/portfolio\/item\/diario-de-bordo-tam\/\" class=\"btn-link\">Read more<\/a><\/div>","protected":false},"author":1,"featured_media":0,"parent":0,"menu_order":0,"comment_status":"closed","ping_status":"closed","template":"template-elementor-default.php","meta":{"_acf_changed":false,"footnotes":""},"class_list":["post-160","page","type-page","status-publish","hentry"],"acf":[],"_links":{"self":[{"href":"https:\/\/pablopinheiro.com\/fr\/wp-json\/wp\/v2\/pages\/160","targetHints":{"allow":["GET"]}}],"collection":[{"href":"https:\/\/pablopinheiro.com\/fr\/wp-json\/wp\/v2\/pages"}],"about":[{"href":"https:\/\/pablopinheiro.com\/fr\/wp-json\/wp\/v2\/types\/page"}],"author":[{"embeddable":true,"href":"https:\/\/pablopinheiro.com\/fr\/wp-json\/wp\/v2\/users\/1"}],"replies":[{"embeddable":true,"href":"https:\/\/pablopinheiro.com\/fr\/wp-json\/wp\/v2\/comments?post=160"}],"version-history":[{"count":29,"href":"https:\/\/pablopinheiro.com\/fr\/wp-json\/wp\/v2\/pages\/160\/revisions"}],"predecessor-version":[{"id":2079,"href":"https:\/\/pablopinheiro.com\/fr\/wp-json\/wp\/v2\/pages\/160\/revisions\/2079"}],"wp:attachment":[{"href":"https:\/\/pablopinheiro.com\/fr\/wp-json\/wp\/v2\/media?parent=160"}],"curies":[{"name":"wp","href":"https:\/\/api.w.org\/{rel}","templated":true}]}}