{"id":801,"date":"2021-07-23T21:28:38","date_gmt":"2021-07-23T21:28:38","guid":{"rendered":"https:\/\/larson-demo.bslthemes.com\/?page_id=801"},"modified":"2025-08-22T13:21:34","modified_gmt":"2025-08-22T16:21:34","slug":"contact-2","status":"publish","type":"page","link":"https:\/\/pablopinheiro.com\/fr\/","title":{"rendered":"Pablo Pinheiro"},"content":{"rendered":"<div data-elementor-type=\"wp-page\" data-elementor-id=\"801\" class=\"elementor elementor-801\">\n\t\t\t\t\t\t<section class=\"elementor-section elementor-top-section elementor-element elementor-element-bde7c25 elementor-section-full_width elementor-section-height-default elementor-section-height-default\" data-id=\"bde7c25\" data-element_type=\"section\" data-e-type=\"section\">\n\t\t\t\t\t\t<div class=\"elementor-container elementor-column-gap-no\">\n\t\t\t\t\t<div class=\"elementor-column elementor-col-100 elementor-top-column elementor-element elementor-element-690d313\" data-id=\"690d313\" data-element_type=\"column\" data-e-type=\"column\">\n\t\t\t<div class=\"elementor-widget-wrap elementor-element-populated\">\n\t\t\t\t\t\t<div class=\"elementor-element elementor-element-93a567a elementor-widget elementor-widget-larson-hero-parallax\" data-id=\"93a567a\" data-element_type=\"widget\" data-e-type=\"widget\" data-widget_type=\"larson-hero-parallax.default\">\n\t\t\t\t<div class=\"elementor-widget-container\">\n\t\t\t\t\t\n\t\t\t\t<div class=\"homepage-parallax\" id=\"pagepiling\">\n\t        \t\t\t<section class=\"section parallax pp-scrollable dark\" style=\"background-image: url(https:\/\/www.pablopinheiro.com\/wp-content\/uploads\/2025\/08\/pablo-gif.gif);\" data-dimg=\"https:\/\/www.pablopinheiro.com\/wp-content\/uploads\/2025\/08\/pablo-gif.gif\" data-mimg=\"\">\n\t          <div class=\"scroll-wrap\">\n\t            <div class=\"container parallax__container\">\n\t              <div class=\"parallax__wrapper\">\n\t                \t                <div class=\"parallax__project\">\n\t                  \t                  <div class=\"parallax__tag\">\n\t                  \t<span >\n\t    \t\t\t\t\tCome\u00e7ou a pr\u00e9-venda de Vaqueiro de Gib\u00e3o\t    \t\t\t\t<\/span>\n\t                  <\/div>\n\t                  \t                  \t                  <div class=\"parallax__title\">\n\t                  \t<span >\n    \t\t\t\t\t\tPr\u00e9-venda    \t\t\t\t\t<\/span>\n\t                  <\/div>\n\t                  \t                  \t                <\/div>\n\t                <div class=\"parallax__counter\">\n\t                  <span class=\"current\">01<\/span>\n\t                  <span class=\"total\">\/ 1<\/span>\n\t                <\/div>\n\t              <\/div>\n\t            <\/div>\n\t          <\/div>\n\t        <\/section>\n\t        \t    <\/div>\n\t    \n\t\t\t\t\t\t<\/div>\n\t\t\t\t<\/div>\n\t\t\t\t\t<\/div>\n\t\t<\/div>\n\t\t\t\t\t<\/div>\n\t\t<\/section>\n\t\t\t\t<\/div>","protected":false},"excerpt":{"rendered":"<p>Come\u00e7ou a pr\u00e9-venda de Vaqueiro de Gib\u00e3o Pr\u00e9-venda 01 \/ 1<\/p>","protected":false},"author":1,"featured_media":0,"parent":0,"menu_order":0,"comment_status":"closed","ping_status":"closed","template":"template-elementor-parallax.php","meta":{"_acf_changed":false,"footnotes":""},"class_list":["post-801","page","type-page","status-publish","hentry"],"acf":[],"_links":{"self":[{"href":"https:\/\/pablopinheiro.com\/fr\/wp-json\/wp\/v2\/pages\/801","targetHints":{"allow":["GET"]}}],"collection":[{"href":"https:\/\/pablopinheiro.com\/fr\/wp-json\/wp\/v2\/pages"}],"about":[{"href":"https:\/\/pablopinheiro.com\/fr\/wp-json\/wp\/v2\/types\/page"}],"author":[{"embeddable":true,"href":"https:\/\/pablopinheiro.com\/fr\/wp-json\/wp\/v2\/users\/1"}],"replies":[{"embeddable":true,"href":"https:\/\/pablopinheiro.com\/fr\/wp-json\/wp\/v2\/comments?post=801"}],"version-history":[{"count":40,"href":"https:\/\/pablopinheiro.com\/fr\/wp-json\/wp\/v2\/pages\/801\/revisions"}],"predecessor-version":[{"id":2175,"href":"https:\/\/pablopinheiro.com\/fr\/wp-json\/wp\/v2\/pages\/801\/revisions\/2175"}],"wp:attachment":[{"href":"https:\/\/pablopinheiro.com\/fr\/wp-json\/wp\/v2\/media?parent=801"}],"curies":[{"name":"wp","href":"https:\/\/api.w.org\/{rel}","templated":true}]}}